{"id":7435,"date":"2016-12-16T21:39:05","date_gmt":"2016-12-16T21:39:05","guid":{"rendered":"https:\/\/kreisrunderhaarausfall.de\/?page_id=7435"},"modified":"2022-12-08T17:10:54","modified_gmt":"2022-12-08T17:10:54","slug":"donations","status":"publish","type":"page","link":"https:\/\/kreisrunderhaarausfall.de\/en\/donations\/","title":{"rendered":"Donations"},"content":{"rendered":"<p><div class=\"fusion-fullwidth fullwidth-box fusion-builder-row-1 nonhundred-percent-fullwidth non-hundred-percent-height-scrolling\" style=\"--awb-border-radius-top-left:0px;--awb-border-radius-top-right:0px;--awb-border-radius-bottom-right:0px;--awb-border-radius-bottom-left:0px;--awb-flex-wrap:wrap;\" ><div class=\"fusion-builder-row fusion-row\"><div class=\"fusion-layout-column fusion_builder_column fusion-builder-column-0 fusion_builder_column_1_1 1_1 fusion-one-full fusion-column-first fusion-column-last\" style=\"--awb-bg-size:cover;--awb-margin-bottom:0px;\"><div class=\"fusion-column-wrapper fusion-flex-column-wrapper-legacy\"><div class=\"fusion-text fusion-text-1\"><h1>Support us with a donation.<\/h1>\n<h2>The association Alopecia Areata Germany is run mainly by voluntary members. In order to help people affected by the disease, we are dependent on your support.<\/h2>\n<\/div><div class=\"fusion-slider-sc fusion-flexslider-loading flexslider flexslider-hover-type-zoomin\" data-slideshow_autoplay=\"1\" data-slideshow_smooth_height=\"0\" data-slideshow_speed=\"7000\" style=\"max-width:760px;height:100%;\"><ul class=\"slides\"><li class=\"image\"><span class=\"fusion-image-hover-element hover-type-zoomin\"><img decoding=\"async\" src=\"https:\/\/kreisrunderhaarausfall.de\/wp-content\/uploads\/alopecia-areata-deutschland-spenden-s1.jpg\" width=\"760\" height=\"275\" \/><\/span><\/li><li class=\"image\"><span class=\"fusion-image-hover-element hover-type-zoomin\"><img decoding=\"async\" src=\"https:\/\/kreisrunderhaarausfall.de\/wp-content\/uploads\/alopecia-areata-deutschland-spenden-s2.jpg\" width=\"760\" height=\"275\" \/><\/span><\/li><li class=\"image\"><span class=\"fusion-image-hover-element hover-type-zoomin\"><img decoding=\"async\" src=\"https:\/\/kreisrunderhaarausfall.de\/wp-content\/uploads\/alopecia-areata-deutschland-spenden-s3.jpg\" width=\"760\" height=\"275\" \/><\/span><\/li><li class=\"image\"><span class=\"fusion-image-hover-element hover-type-zoomin\"><img decoding=\"async\" src=\"https:\/\/kreisrunderhaarausfall.de\/wp-content\/uploads\/verein-alopecia-areata-deutschland-aad-s2.jpg\" width=\"760\" height=\"275\" \/><\/span><\/li><\/ul><\/div><div class=\"fusion-text fusion-text-2\"><p>Please help us to continue to help and support our patients. We look forward to any donation or active cooperation in our association.<\/p>\n<h3>Our account details:<\/h3>\n<p><strong>Alopecia Areata Deutschland e. V.<\/strong><br \/>IBAN DE90 320500000055014500<br \/>BIC SPKRDE33XXX<br \/>Sparkasse Krefeld<br \/><a href=\"mailto:info@kreisrunderhaarausfall.de\">info@kreisrunderhaarausfall.de<\/a><\/p>\n<p><strong>Thank you for your valuable support!<\/strong><\/p>\n<\/div><div class=\"fusion-clearfix\"><\/div><\/div><\/div><\/div><\/div><div class=\"fusion-fullwidth fullwidth-box fusion-builder-row-2 nonhundred-percent-fullwidth non-hundred-percent-height-scrolling\" style=\"--awb-border-radius-top-left:0px;--awb-border-radius-top-right:0px;--awb-border-radius-bottom-right:0px;--awb-border-radius-bottom-left:0px;--awb-padding-top:25px;--awb-padding-right:25px;--awb-padding-bottom:0px;--awb-padding-left:25px;--awb-margin-top:20px;--awb-background-color:rgba(107,48,0,0.06);--awb-flex-wrap:wrap;\" ><div class=\"fusion-builder-row fusion-row\"><div class=\"fusion-layout-column fusion_builder_column fusion-builder-column-1 fusion_builder_column_1_1 1_1 fusion-one-full fusion-column-first fusion-column-last\" style=\"--awb-bg-size:cover;--awb-margin-bottom:0px;\"><div class=\"fusion-column-wrapper fusion-flex-column-wrapper-legacy\"><div class=\"fusion-text fusion-text-3\"><h3 style=\"border-bottom: 1px solid; padding-bottom: 5px;\">Support the AAD e.V. in your future online purchases<\/h3>\n<\/div><div class=\"fusion-clearfix\"><\/div><\/div><\/div><div class=\"fusion-layout-column fusion_builder_column fusion-builder-column-2 fusion_builder_column_1_1 1_1 fusion-one-full fusion-column-first fusion-column-last\" style=\"--awb-bg-color:#ffffff;--awb-bg-color-hover:#ffffff;--awb-bg-size:cover;--awb-margin-top:25px;\"><div class=\"fusion-column-wrapper fusion-flex-column-wrapper-legacy\"><div class=\"fusion-text fusion-text-4\"><div class=\"amazon\">\n<p><a href=\"https:\/\/smile.amazon.de\/ch\/117-586-00365\"><img decoding=\"async\" class=\"alignleft size-full wp-image-2217\" src=\"https:\/\/kreisrunderhaarausfall.de\/wp-content\/uploads\/alopecia-areata-amazon.png\" alt=\"\" width=\"146\" height=\"124\" \/><\/a><\/p>\n<h3>#helfenhelfen &#8211; Online shoppen &amp; kostenlos spenden!<\/h3>\n<p>Wie auch \u00fcber die <a href=\"https:\/\/www.gooding.de\/shops?select=alopecia-areata-deutschland-e-v-aad-37336&amp;ext=1\" target=\"_blank\" rel=\"noopener\">Einkaufsplattform Gooding<\/a> k\u00f6nnen Sie uns bei Ihren Online-Eink\u00e4ufen \u00fcber <a title=\"https:\/\/smile.amazon.de\/ch\/117-586-00365\" href=\"https:\/\/smile.amazon.de\/ch\/117-586-00365\" target=\"_blank\" rel=\"noopener noreferrer\">AMAZON<\/a> unterst\u00fctzen &#8211; <strong>ohne dabei zus\u00e4tzlich Geld auszugeben!<\/strong> Von Ihrem Einkaufswert spendet Amazon 0,5% an den AAD, wenn Sie \u00fcber <a title=\"https:\/\/smile.amazon.de\/ch\/117-586-00365\" href=\"https:\/\/smile.amazon.de\/ch\/117-586-00365\" target=\"_blank\" rel=\"noopener noreferrer\">Smile.Amazon.de<\/a> bestellen.<\/p>\n<\/div>\n<\/div><div class=\"fusion-clearfix\"><\/div><\/div><\/div><div class=\"fusion-layout-column fusion_builder_column fusion-builder-column-3 fusion_builder_column_1_1 1_1 fusion-one-full fusion-column-first fusion-column-last\" style=\"--awb-bg-size:cover;\"><div class=\"fusion-column-wrapper fusion-flex-column-wrapper-legacy\"><div class=\"fusion-text fusion-text-5\"><\/p>\n<div class=\"brlbs-cmpnt-container brlbs-cmpnt-content-blocker brlbs-cmpnt-with-individual-styles\" data-borlabs-cookie-content-blocker-id=\"default\" data-borlabs-cookie-content=\"PGlmcmFtZSBpZD0iR29vZGluZyBCYW5uZXItV2lkZ2V0IiB0aXRsZT0iR29vZGluZyBCYW5uZXItV2lkZ2V0IiBzcmM9Imh0dHBzOi8vZXJ3ZWl0ZXJ1bmdlbi5nb29kaW5nLmRlL2FwcC93aWRnZXQvYWxvcGVjaWEtYXJlYXRhLWRldXRzY2hsYW5kLWUtdi1hYWQtMzczMzYvaGlnaC1iYW5uZXIvdGFiLzAvZG9uYXRpb25zLzEvdi8xNTQ4Nzc1NTY2LmRaSng4QXJVUUpQVCUyNTJCdkx6JTI1MkJDUmFRdUlKSlBkWVFJV2hNemNqN2dxNDBURUJScEgzbjIlMjUyQjk5d1lBUnFmeDhJMGVveGclMjUyQmZVVCUyNTJGYUZJZm5mU3VYZ1FWcCUyNTJGSzZCSXRhazVUSFFuUFNUYlUzdG95MVMzSzlXMTJ0ZGdhY05aQndvNVRGYlZKZlQ1N2J1cnlmcEQ5cmdHR1gwZk5TZ00zZGlWQUV3VUFLM3h1YU53YyUyNTNEIiBuYW1lPSJHb29kaW5nIEJhbm5lci1XaWRnZXQiIHdpZHRoPSI0NjgiIGhlaWdodD0iMTc1IiBmcmFtZWJvcmRlcj0iMCIgc2Nyb2xsaW5nPSJ5ZXMiPjwvaWZyYW1lPg==\">\n<div class=\"brlbs-cmpnt-cb-preset-a\">\n<p class=\"brlbs-cmpnt-cb-description\">You are currently viewing a placeholder content from <strong>Default<\/strong>. To access the actual content, click the button below. Please note that doing so will share data with third-party providers.<\/p>\n<div class=\"brlbs-cmpnt-cb-buttons\"> <a class=\"brlbs-cmpnt-cb-btn\" href=\"#\" data-borlabs-cookie-unblock role=\"button\">Unblock content<\/a> <a class=\"brlbs-cmpnt-cb-btn\" href=\"#\" data-borlabs-cookie-accept-service role=\"button\" style=\"display: none\">Accept required service and unblock content<\/a> <\/div>\n<p> <a class=\"brlbs-cmpnt-cb-provider-toggle\" href=\"#\" data-borlabs-cookie-show-provider-information role=\"button\">More Information<\/a> <\/div>\n<\/div>\n<\/div><div class=\"fusion-clearfix\"><\/div><\/div><\/div><\/div><\/div><\/p>\n","protected":false},"excerpt":{"rendered":"","protected":false},"author":1,"featured_media":0,"parent":0,"menu_order":0,"comment_status":"closed","ping_status":"closed","template":"","meta":{"_acf_changed":false,"footnotes":""},"acf":[],"yoast_head":"<!-- This site is optimized with the Yoast SEO plugin v23.4 - https:\/\/yoast.com\/wordpress\/plugins\/seo\/ -->\n<title>Support us with a donation \u2013 Alopecia Areata Germany.<\/title>\n<meta name=\"description\" content=\"As an association Alopecia Areata Germany e. V., we rely on your support to be able to help many affected persons.\" \/>\n<meta name=\"robots\" content=\"index, follow, max-snippet:-1, max-image-preview:large, max-video-preview:-1\" \/>\n<link rel=\"canonical\" href=\"https:\/\/kreisrunderhaarausfall.de\/en\/donations\/\" \/>\n<meta property=\"og:locale\" content=\"en_US\" \/>\n<meta property=\"og:type\" content=\"article\" \/>\n<meta property=\"og:title\" content=\"Support us with a donation \u2013 Alopecia Areata Germany.\" \/>\n<meta property=\"og:description\" content=\"As an association Alopecia Areata Germany e. V., we rely on your support to be able to help many affected persons.\" \/>\n<meta property=\"og:url\" content=\"https:\/\/kreisrunderhaarausfall.de\/en\/donations\/\" \/>\n<meta property=\"og:site_name\" content=\"Willkommen bei Alopecia Areata Deutschland\" \/>\n<meta property=\"article:modified_time\" content=\"2022-12-08T17:10:54+00:00\" \/>\n<meta property=\"og:image\" content=\"https:\/\/kreisrunderhaarausfall.de\/wp-content\/uploads\/alopecia-areata-amazon.png\" \/>\n<meta name=\"twitter:card\" content=\"summary_large_image\" \/>\n<meta name=\"twitter:label1\" content=\"Est. reading time\" \/>\n\t<meta name=\"twitter:data1\" content=\"4 minutes\" \/>\n<script type=\"application\/ld+json\" class=\"yoast-schema-graph\">{\"@context\":\"https:\/\/schema.org\",\"@graph\":[{\"@type\":\"WebPage\",\"@id\":\"https:\/\/kreisrunderhaarausfall.de\/en\/donations\/\",\"url\":\"https:\/\/kreisrunderhaarausfall.de\/en\/donations\/\",\"name\":\"Support us with a donation \u2013 Alopecia Areata Germany.\",\"isPartOf\":{\"@id\":\"https:\/\/kreisrunderhaarausfall.de\/#website\"},\"primaryImageOfPage\":{\"@id\":\"https:\/\/kreisrunderhaarausfall.de\/en\/donations\/#primaryimage\"},\"image\":{\"@id\":\"https:\/\/kreisrunderhaarausfall.de\/en\/donations\/#primaryimage\"},\"thumbnailUrl\":\"https:\/\/kreisrunderhaarausfall.de\/wp-content\/uploads\/alopecia-areata-amazon.png\",\"datePublished\":\"2016-12-16T21:39:05+00:00\",\"dateModified\":\"2022-12-08T17:10:54+00:00\",\"description\":\"As an association Alopecia Areata Germany e. V., we rely on your support to be able to help many affected persons.\",\"breadcrumb\":{\"@id\":\"https:\/\/kreisrunderhaarausfall.de\/en\/donations\/#breadcrumb\"},\"inLanguage\":\"en-US\",\"potentialAction\":[{\"@type\":\"ReadAction\",\"target\":[\"https:\/\/kreisrunderhaarausfall.de\/en\/donations\/\"]}]},{\"@type\":\"ImageObject\",\"inLanguage\":\"en-US\",\"@id\":\"https:\/\/kreisrunderhaarausfall.de\/en\/donations\/#primaryimage\",\"url\":\"https:\/\/kreisrunderhaarausfall.de\/wp-content\/uploads\/alopecia-areata-amazon.png\",\"contentUrl\":\"https:\/\/kreisrunderhaarausfall.de\/wp-content\/uploads\/alopecia-areata-amazon.png\"},{\"@type\":\"BreadcrumbList\",\"@id\":\"https:\/\/kreisrunderhaarausfall.de\/en\/donations\/#breadcrumb\",\"itemListElement\":[{\"@type\":\"ListItem\",\"position\":1,\"name\":\"Startseite\",\"item\":\"https:\/\/kreisrunderhaarausfall.de\/en\/?page_id=15597\"},{\"@type\":\"ListItem\",\"position\":2,\"name\":\"Donations\"}]},{\"@type\":\"WebSite\",\"@id\":\"https:\/\/kreisrunderhaarausfall.de\/#website\",\"url\":\"https:\/\/kreisrunderhaarausfall.de\/\",\"name\":\"Willkommen bei Alopecia Areata Deutschland\",\"description\":\"\",\"potentialAction\":[{\"@type\":\"SearchAction\",\"target\":{\"@type\":\"EntryPoint\",\"urlTemplate\":\"https:\/\/kreisrunderhaarausfall.de\/?s={search_term_string}\"},\"query-input\":{\"@type\":\"PropertyValueSpecification\",\"valueRequired\":true,\"valueName\":\"search_term_string\"}}],\"inLanguage\":\"en-US\"}]}<\/script>\n<!-- \/ Yoast SEO plugin. -->","yoast_head_json":{"title":"Support us with a donation \u2013 Alopecia Areata Germany.","description":"As an association Alopecia Areata Germany e. V., we rely on your support to be able to help many affected persons.","robots":{"index":"index","follow":"follow","max-snippet":"max-snippet:-1","max-image-preview":"max-image-preview:large","max-video-preview":"max-video-preview:-1"},"canonical":"https:\/\/kreisrunderhaarausfall.de\/en\/donations\/","og_locale":"en_US","og_type":"article","og_title":"Support us with a donation \u2013 Alopecia Areata Germany.","og_description":"As an association Alopecia Areata Germany e. V., we rely on your support to be able to help many affected persons.","og_url":"https:\/\/kreisrunderhaarausfall.de\/en\/donations\/","og_site_name":"Willkommen bei Alopecia Areata Deutschland","article_modified_time":"2022-12-08T17:10:54+00:00","og_image":[{"url":"https:\/\/kreisrunderhaarausfall.de\/wp-content\/uploads\/alopecia-areata-amazon.png"}],"twitter_card":"summary_large_image","twitter_misc":{"Est. reading time":"4 minutes"},"schema":{"@context":"https:\/\/schema.org","@graph":[{"@type":"WebPage","@id":"https:\/\/kreisrunderhaarausfall.de\/en\/donations\/","url":"https:\/\/kreisrunderhaarausfall.de\/en\/donations\/","name":"Support us with a donation \u2013 Alopecia Areata Germany.","isPartOf":{"@id":"https:\/\/kreisrunderhaarausfall.de\/#website"},"primaryImageOfPage":{"@id":"https:\/\/kreisrunderhaarausfall.de\/en\/donations\/#primaryimage"},"image":{"@id":"https:\/\/kreisrunderhaarausfall.de\/en\/donations\/#primaryimage"},"thumbnailUrl":"https:\/\/kreisrunderhaarausfall.de\/wp-content\/uploads\/alopecia-areata-amazon.png","datePublished":"2016-12-16T21:39:05+00:00","dateModified":"2022-12-08T17:10:54+00:00","description":"As an association Alopecia Areata Germany e. V., we rely on your support to be able to help many affected persons.","breadcrumb":{"@id":"https:\/\/kreisrunderhaarausfall.de\/en\/donations\/#breadcrumb"},"inLanguage":"en-US","potentialAction":[{"@type":"ReadAction","target":["https:\/\/kreisrunderhaarausfall.de\/en\/donations\/"]}]},{"@type":"ImageObject","inLanguage":"en-US","@id":"https:\/\/kreisrunderhaarausfall.de\/en\/donations\/#primaryimage","url":"https:\/\/kreisrunderhaarausfall.de\/wp-content\/uploads\/alopecia-areata-amazon.png","contentUrl":"https:\/\/kreisrunderhaarausfall.de\/wp-content\/uploads\/alopecia-areata-amazon.png"},{"@type":"BreadcrumbList","@id":"https:\/\/kreisrunderhaarausfall.de\/en\/donations\/#breadcrumb","itemListElement":[{"@type":"ListItem","position":1,"name":"Startseite","item":"https:\/\/kreisrunderhaarausfall.de\/en\/?page_id=15597"},{"@type":"ListItem","position":2,"name":"Donations"}]},{"@type":"WebSite","@id":"https:\/\/kreisrunderhaarausfall.de\/#website","url":"https:\/\/kreisrunderhaarausfall.de\/","name":"Willkommen bei Alopecia Areata Deutschland","description":"","potentialAction":[{"@type":"SearchAction","target":{"@type":"EntryPoint","urlTemplate":"https:\/\/kreisrunderhaarausfall.de\/?s={search_term_string}"},"query-input":{"@type":"PropertyValueSpecification","valueRequired":true,"valueName":"search_term_string"}}],"inLanguage":"en-US"}]}},"_links":{"self":[{"href":"https:\/\/kreisrunderhaarausfall.de\/en\/wp-json\/wp\/v2\/pages\/7435"}],"collection":[{"href":"https:\/\/kreisrunderhaarausfall.de\/en\/wp-json\/wp\/v2\/pages"}],"about":[{"href":"https:\/\/kreisrunderhaarausfall.de\/en\/wp-json\/wp\/v2\/types\/page"}],"author":[{"embeddable":true,"href":"https:\/\/kreisrunderhaarausfall.de\/en\/wp-json\/wp\/v2\/users\/1"}],"replies":[{"embeddable":true,"href":"https:\/\/kreisrunderhaarausfall.de\/en\/wp-json\/wp\/v2\/comments?post=7435"}],"version-history":[{"count":6,"href":"https:\/\/kreisrunderhaarausfall.de\/en\/wp-json\/wp\/v2\/pages\/7435\/revisions"}],"predecessor-version":[{"id":14553,"href":"https:\/\/kreisrunderhaarausfall.de\/en\/wp-json\/wp\/v2\/pages\/7435\/revisions\/14553"}],"wp:attachment":[{"href":"https:\/\/kreisrunderhaarausfall.de\/en\/wp-json\/wp\/v2\/media?parent=7435"}],"curies":[{"name":"wp","href":"https:\/\/api.w.org\/{rel}","templated":true}]}}